{"id":7681,"date":"2019-12-06T02:02:23","date_gmt":"2019-12-06T01:02:23","guid":{"rendered":"https:\/\/www.resist-cluster.de\/?page_id=7681"},"modified":"2020-10-01T18:54:51","modified_gmt":"2020-10-01T16:54:51","slug":"studienzentrum","status":"publish","type":"page","link":"https:\/\/www.resist-cluster.de\/en\/clinical-trials\/senior-individuals-cohort\/resist-studie\/studienzentrum\/","title":{"rendered":"Studienzentrum"},"content":{"rendered":"<p><div class=\"fusion-fullwidth fullwidth-box fusion-builder-row-1 nonhundred-percent-fullwidth non-hundred-percent-height-scrolling\" style=\"--awb-background-repeat:repeat-x;--awb-border-radius-top-left:0px;--awb-border-radius-top-right:0px;--awb-border-radius-bottom-right:0px;--awb-border-radius-bottom-left:0px;--awb-flex-wrap:wrap;\" ><div class=\"fusion-builder-row fusion-row\"><div class=\"fusion-layout-column fusion_builder_column fusion-builder-column-0 fusion_builder_column_1_1 1_1 fusion-one-full fusion-column-first fusion-column-last\" style=\"--awb-bg-size:cover;--awb-margin-bottom:75px;\"><div class=\"fusion-column-wrapper fusion-column-has-shadow fusion-flex-column-wrapper-legacy\"><div class=\"fusion-sep-clear\"><\/div><div class=\"fusion-separator fusion-no-small-visibility fusion-no-large-visibility fusion-full-width-sep\" style=\"margin-left: auto;margin-right: auto;margin-bottom:-20px;width:100%;\"><\/div><div class=\"fusion-sep-clear\"><\/div><div class=\"fusion-sep-clear\"><\/div><div class=\"fusion-separator fusion-no-medium-visibility fusion-no-large-visibility fusion-full-width-sep\" style=\"margin-left: auto;margin-right: auto;margin-bottom:-50px;width:100%;\"><\/div><div class=\"fusion-sep-clear\"><\/div><div class=\"fusion-title title fusion-title-1 fusion-sep-none fusion-title-text fusion-title-size-two\" style=\"--awb-margin-top:0px;--awb-margin-bottom:0px;--awb-margin-top-small:0px;--awb-margin-bottom-small:0px;\"><h2 class=\"fusion-title-heading title-heading-left fusion-responsive-typography-calculated\" style=\"margin:0;--fontSize:28;line-height:1.5;\">\u00dcber unser Studienzentrum<\/h2><\/div><div class=\"fusion-sep-clear\"><\/div><div class=\"fusion-separator fusion-full-width-sep\" style=\"margin-left: auto;margin-right: auto;margin-top:0px;margin-bottom:30px;width:100%;\"><div class=\"fusion-separator-border sep-single sep-solid\" style=\"--awb-height:20px;--awb-amount:20px;--awb-sep-color:#b3d5f2;border-color:#b3d5f2;border-top-width:5px;\"><\/div><\/div><div class=\"fusion-sep-clear\"><\/div><div class=\"fusion-text fusion-text-1\"><p>Die R\u00e4umlichkeiten des Studienzentrums Hannover befinden sich im CRC in der Feodor-Lynen-Stra\u00dfe 15 im Medical Park in Hannover. Drei starke Partner \u2013 das Helmholtz Zentrum f\u00fcr Infektionsforschung (HZI), das Fraunhofer-Institut f\u00fcr Toxikologie und Experimentelle Medizin und die Medizinische Hochschule Hannover \u2013 haben sich zusammengetan und das Clinical Research Center (CRC) Hannover gegr\u00fcndet.<\/p>\n<p>Koordiniert wird das Studienzentrum des Helmholtz-Zentrums f\u00fcr Infektionsforschung von der Abteilung Epidemiologie unter der wissenschaftlichen Leitung von Prof. Dr. G\u00e9rard Krause. Medizinisches Fachpersonal f\u00fchrt dort unter \u00e4rztlicher Leitung von Dr. Yvonne Kemmling die Untersuchung und Befragung der Studienteilnehmer durch.<\/p>\n<\/div><div class=\"fusion-sep-clear\"><\/div><div class=\"fusion-separator fusion-full-width-sep\" style=\"margin-left: auto;margin-right: auto;margin-bottom:30px;width:100%;\"><\/div><div class=\"fusion-sep-clear\"><\/div><div class=\"fusion-image-element in-legacy-container\" style=\"--awb-caption-title-font-family:var(--h2_typography-font-family);--awb-caption-title-font-weight:var(--h2_typography-font-weight);--awb-caption-title-font-style:var(--h2_typography-font-style);--awb-caption-title-size:var(--h2_typography-font-size);--awb-caption-title-transform:var(--h2_typography-text-transform);--awb-caption-title-line-height:var(--h2_typography-line-height);--awb-caption-title-letter-spacing:var(--h2_typography-letter-spacing);\"><span class=\" fusion-imageframe imageframe-none imageframe-1 hover-type-none\" style=\"border-radius:10px;\"><a href=\"https:\/\/www.resist-cluster.de\/wp-content\/uploads\/2019\/12\/RES_BILD_CRC.jpg\" class=\"fusion-lightbox\" data-rel=\"iLightbox[a327bb371604811dc16]\" data-title=\"RES_BILD_CRC\" title=\"RES_BILD_CRC\"><img decoding=\"async\" width=\"900\" height=\"500\" src=\"https:\/\/www.resist-cluster.de\/wp-content\/uploads\/2019\/12\/RES_BILD_CRC.jpg\" alt class=\"img-responsive wp-image-7815\" srcset=\"https:\/\/www.resist-cluster.de\/wp-content\/uploads\/2019\/12\/RES_BILD_CRC-200x111.jpg 200w, https:\/\/www.resist-cluster.de\/wp-content\/uploads\/2019\/12\/RES_BILD_CRC-400x222.jpg 400w, https:\/\/www.resist-cluster.de\/wp-content\/uploads\/2019\/12\/RES_BILD_CRC-600x333.jpg 600w, https:\/\/www.resist-cluster.de\/wp-content\/uploads\/2019\/12\/RES_BILD_CRC-800x444.jpg 800w, https:\/\/www.resist-cluster.de\/wp-content\/uploads\/2019\/12\/RES_BILD_CRC.jpg 900w\" sizes=\"(max-width: 767px) 100vw, 900px\" \/><\/a><\/span><\/div><div class=\"fusion-sep-clear\"><\/div><div class=\"fusion-separator fusion-full-width-sep\" style=\"margin-left: auto;margin-right: auto;margin-bottom:30px;width:100%;\"><\/div><div class=\"fusion-sep-clear\"><\/div><div class=\"fusion-text fusion-text-2\"><p>Im Studienzentrum wurden seit 2014 10.000 TeilnehmerInnen der bundesweit gr\u00f6\u00dften Langzeitbev\u00f6lkerungsstudie der NAKO Gesundheitsstudie untersucht. Seit Dezember 2019 werden nun auch TeilnehmerInnen des neuen Forschungsprojekts RESIST \u2013 Forschen f\u00fcr die Schw\u00e4chsten eingeladen.<\/p>\n<p>Sie erreichen uns telefonisch von Montag bis Donnerstag zwischen 08:00 und 19:00 Uhr und am Freitag zwischen 08:00 und 15:00 Uhr. Sollten alle Mitarbeiterinnen im Gespr\u00e4ch sein, haben Sie die M\u00f6glichkeit, auf unserem Anrufbeantworter eine Nachricht zu hinterlassen. Bitte nennen Sie dabei deutlich Ihre Kontaktnummer\/Studienteilnehmernummer (befindet sich auf der Einladung), Ihren Vornamen und Namen und eine Telefonnummer, unter der wir Sie erreichen k\u00f6nnen. Sie k\u00f6nnen uns nat\u00fcrlich auch eine E-Mail schreiben an: <a href=\"&#x6d;&#x61;&#x69;&#x6c;&#116;&#111;&#58;re&#x73;&#x69;&#x73;&#x74;&#x2e;&#115;&#116;&#117;di&#x65;&#x40;&#x68;&#x65;&#x6c;&#109;&#104;&#111;lt&#x7a;&#x2d;&#x68;&#x7a;&#x69;&#46;&#100;&#101;\">re&#115;&#105;&#115;&#x74;&#x2e;&#x73;&#x74;&#x75;di&#101;&#64;&#104;&#x65;&#x6c;&#x6d;&#x68;&#x6f;lt&#122;&#45;&#104;&#x7a;&#x69;&#x2e;&#x64;&#x65;<\/a>. Wir werden uns dann schnellstm\u00f6glich bei Ihnen melden.<\/p>\n<\/div><div class=\"fusion-sep-clear\"><\/div><div class=\"fusion-separator fusion-full-width-sep\" style=\"margin-left: auto;margin-right: auto;margin-bottom:30px;width:100%;\"><\/div><div class=\"fusion-sep-clear\"><\/div><div class=\"fusion-button-wrapper\"><a class=\"fusion-button button-flat fusion-button-default-size button-default fusion-button-default button-1 fusion-button-default-span fusion-button-default-type buttonstapel-mitte\" target=\"_self\" href=\"https:\/\/www.resist-cluster.de\/klinische-studien\/resist-studie\/\"><span class=\"fusion-button-text\">Zur Informationsseite f\u00fcr Studien-Teilnehmende<\/span><\/a><\/div><div class=\"fusion-clearfix\"><\/div><\/div><\/div><\/div><\/div><div class=\"fusion-fullwidth fullwidth-box fusion-builder-row-2 nonhundred-percent-fullwidth non-hundred-percent-height-scrolling fusion-equal-height-columns\" style=\"--awb-border-radius-top-left:0px;--awb-border-radius-top-right:0px;--awb-border-radius-bottom-right:0px;--awb-border-radius-bottom-left:0px;--awb-flex-wrap:wrap;\" ><div class=\"fusion-builder-row fusion-row\"><div class=\"fusion-layout-column fusion_builder_column fusion-builder-column-1 fusion_builder_column_1_1 1_1 fusion-one-full fusion-column-first fusion-column-last fusion-column-no-min-height\" style=\"--awb-bg-size:cover;\"><div class=\"fusion-column-wrapper fusion-column-has-shadow fusion-flex-column-wrapper-legacy\"><div class=\"fusion-title title fusion-title-2 fusion-sep-none fusion-title-text fusion-title-size-two\" style=\"--awb-margin-top:0px;--awb-margin-bottom:0px;--awb-margin-top-small:0px;--awb-margin-bottom-small:0px;\"><h2 class=\"fusion-title-heading title-heading-left fusion-responsive-typography-calculated\" style=\"margin:0;--fontSize:28;line-height:1.5;\">Leitung des Studienzentrums<\/h2><\/div><div class=\"fusion-sep-clear\"><\/div><div class=\"fusion-separator fusion-full-width-sep\" style=\"margin-left: auto;margin-right: auto;margin-top:0px;margin-bottom:30px;width:100%;\"><div class=\"fusion-separator-border sep-single sep-solid\" style=\"--awb-height:20px;--awb-amount:20px;--awb-sep-color:#b3d5f2;border-color:#b3d5f2;border-top-width:5px;\"><\/div><\/div><div class=\"fusion-sep-clear\"><\/div><div class=\"fusion-clearfix\"><\/div><\/div><\/div><div class=\"fusion-layout-column fusion_builder_column fusion-builder-column-2 fusion_builder_column_1_2 1_2 fusion-one-half fusion-column-first\" style=\"--awb-overflow:hidden;--awb-bg-image:url(&#039;https:\/\/www.resist-cluster.de\/wp-content\/uploads\/2019\/12\/RES_CV_Kemmling.jpg&#039;);--awb-bg-position:center center;--awb-bg-size:cover;--awb-border-radius:10px 10px 10px 10px;--awb-margin-bottom:30px;width:50%;width:calc(50% - ( ( 4% ) * 0.5 ) );margin-right: 4%;\"><div class=\"fusion-column-wrapper fusion-column-has-shadow fusion-flex-column-wrapper-legacy fusion-empty-column-bg-image fusion-column-has-bg-image\" data-bg-url=\"https:\/\/www.resist-cluster.de\/wp-content\/uploads\/2019\/12\/RES_CV_Kemmling.jpg\"><img decoding=\"async\" class=\"fusion-empty-dims-img-placeholder fusion-no-large-visibility\" src=\"data:image\/svg+xml,%3Csvg%20xmlns%3D%27http%3A%2F%2Fwww.w3.org%2F2000%2Fsvg%27%20width%3D%27900%27%20height%3D%27500%27%20viewBox%3D%270%200%20900%20500%27%3E%3Crect%20width%3D%27900%27%20height%3D%27500%27%20fill-opacity%3D%220%22%2F%3E%3C%2Fsvg%3E\"><div class=\"fusion-clearfix\"><\/div><\/div><\/div><div class=\"fusion-layout-column fusion_builder_column fusion-builder-column-3 fusion_builder_column_1_2 1_2 fusion-one-half fusion-column-last\" style=\"--awb-bg-size:cover;--awb-margin-bottom:30px;width:50%;width:calc(50% - ( ( 4% ) * 0.5 ) );\"><div class=\"fusion-column-wrapper fusion-column-has-shadow fusion-flex-column-wrapper-legacy\"><div class=\"fusion-text fusion-text-3\"><p>Yvonne Kemmling studierte Medizin an der Georg-August-Universit\u00e4t G\u00f6ttingen und schloss 2003 ihr drittes Staatsexamen in Humanmedizin ab.<\/p>\n<p>Von 2003 &#8211; 2004 arbeitete sie als wissenschaftliche Mitarbeiterin am Kompetenzzentrum f\u00fcr Medizintechnik, Biotechnologie und Messtechnik der Universit\u00e4t G\u00f6ttingen im Bereich Technologietransfer und Patentverwertung.<\/p>\n<\/div><div class=\"fusion-clearfix\"><\/div><\/div><\/div><div class=\"fusion-layout-column fusion_builder_column fusion-builder-column-4 fusion_builder_column_1_1 1_1 fusion-one-full fusion-column-first fusion-column-last fusion-column-no-min-height\" style=\"--awb-bg-size:cover;\"><div class=\"fusion-column-wrapper fusion-column-has-shadow fusion-flex-column-wrapper-legacy\"><div class=\"fusion-text fusion-text-4\"><p>2005 erlangte sie an der Georg-August-Universit\u00e4t G\u00f6ttingen den Doktorgrad der Medizin in der Abteilung Neurologie. Ihre Facharztausbildung zur Fach\u00e4rztin f\u00fcr Allgemeinmedizin absolvierte sie von 2005 \u2013 2011 in den Bereichen Innere Medizin, Allgemeinmedizin, Chirurgie und Orthop\u00e4die am Facharztzentrum der Bundeswehr und in einer allgemeinmedizinischen Praxis in Hannover.<\/p>\n<p>Im Jahr 2011 wechselte sie zum Helmholtz-Zentrum f\u00fcr Infektionsforschung. Seit 2012 ist sie \u00c4rztliche Leiterin des Studienzentrums in Hannover. Yvonne Kemmling ist qualifizierte Pr\u00fcf\u00e4rztin und zertifizierte Studienleiterin f\u00fcr klinische Studien. Sie ist nebenberuflich weiterhin als Allgemeinmedizinerin t\u00e4tig.<\/p>\n<\/div><div class=\"fusion-clearfix\"><\/div><\/div><\/div><div class=\"fusion-layout-column fusion_builder_column fusion-builder-column-5 fusion_builder_column_1_1 1_1 fusion-one-full fusion-column-first fusion-column-last fusion-column-no-min-height\" style=\"--awb-bg-size:cover;\"><div class=\"fusion-column-wrapper fusion-column-has-shadow fusion-flex-column-wrapper-legacy\"><div class=\"fusion-sep-clear\"><\/div><div class=\"fusion-separator fusion-no-small-visibility fusion-no-medium-visibility fusion-full-width-sep\" style=\"margin-left: auto;margin-right: auto;margin-bottom:100px;width:100%;\"><\/div><div class=\"fusion-sep-clear\"><\/div><div class=\"fusion-sep-clear\"><\/div><div class=\"fusion-separator fusion-no-small-visibility fusion-no-large-visibility fusion-full-width-sep\" style=\"margin-left: auto;margin-right: auto;margin-bottom:25px;width:100%;\"><\/div><div class=\"fusion-sep-clear\"><\/div><div class=\"fusion-clearfix\"><\/div><\/div><\/div><\/div><\/div><\/p>\n","protected":false},"excerpt":{"rendered":"","protected":false},"author":1,"featured_media":0,"parent":7637,"menu_order":5,"comment_status":"closed","ping_status":"closed","template":"","meta":{"footnotes":""},"class_list":["post-7681","page","type-page","status-publish","hentry"],"_links":{"self":[{"href":"https:\/\/www.resist-cluster.de\/en\/wp-json\/wp\/v2\/pages\/7681","targetHints":{"allow":["GET"]}}],"collection":[{"href":"https:\/\/www.resist-cluster.de\/en\/wp-json\/wp\/v2\/pages"}],"about":[{"href":"https:\/\/www.resist-cluster.de\/en\/wp-json\/wp\/v2\/types\/page"}],"author":[{"embeddable":true,"href":"https:\/\/www.resist-cluster.de\/en\/wp-json\/wp\/v2\/users\/1"}],"replies":[{"embeddable":true,"href":"https:\/\/www.resist-cluster.de\/en\/wp-json\/wp\/v2\/comments?post=7681"}],"version-history":[{"count":5,"href":"https:\/\/www.resist-cluster.de\/en\/wp-json\/wp\/v2\/pages\/7681\/revisions"}],"predecessor-version":[{"id":12983,"href":"https:\/\/www.resist-cluster.de\/en\/wp-json\/wp\/v2\/pages\/7681\/revisions\/12983"}],"up":[{"embeddable":true,"href":"https:\/\/www.resist-cluster.de\/en\/wp-json\/wp\/v2\/pages\/7637"}],"wp:attachment":[{"href":"https:\/\/www.resist-cluster.de\/en\/wp-json\/wp\/v2\/media?parent=7681"}],"curies":[{"name":"wp","href":"https:\/\/api.w.org\/{rel}","templated":true}]}}