{"id":7637,"date":"2019-12-05T23:31:28","date_gmt":"2019-12-05T22:31:28","guid":{"rendered":"https:\/\/www.resist-cluster.de\/?page_id=7637"},"modified":"2022-05-11T15:21:18","modified_gmt":"2022-05-11T13:21:18","slug":"resist-studie","status":"publish","type":"page","link":"https:\/\/www.resist-cluster.de\/en\/clinical-trials\/senior-individuals-cohort\/resist-studie\/","title":{"rendered":"RESIST-Studie"},"content":{"rendered":"<div class=\"fusion-fullwidth fullwidth-box fusion-builder-row-1 nonhundred-percent-fullwidth non-hundred-percent-height-scrolling\" style=\"--awb-background-repeat:repeat-x;--awb-border-radius-top-left:0px;--awb-border-radius-top-right:0px;--awb-border-radius-bottom-right:0px;--awb-border-radius-bottom-left:0px;--awb-flex-wrap:wrap;\" ><div class=\"fusion-builder-row fusion-row\"><div class=\"fusion-layout-column fusion_builder_column fusion-builder-column-0 fusion_builder_column_1_1 1_1 fusion-one-full fusion-column-first fusion-column-last\" style=\"--awb-bg-size:cover;--awb-margin-bottom:75px;\"><div class=\"fusion-column-wrapper fusion-column-has-shadow fusion-flex-column-wrapper-legacy\"><div class=\"fusion-sep-clear\"><\/div><div class=\"fusion-separator fusion-no-medium-visibility fusion-no-large-visibility fusion-full-width-sep\" style=\"margin-left: auto;margin-right: auto;margin-bottom:-50px;width:100%;\"><\/div><div class=\"fusion-sep-clear\"><\/div><div class=\"fusion-title title fusion-title-1 fusion-sep-none fusion-title-text fusion-title-size-two\" style=\"--awb-margin-top:0px;--awb-margin-bottom:0px;--awb-margin-top-small:0px;--awb-margin-bottom-small:0px;\"><h2 class=\"fusion-title-heading title-heading-left fusion-responsive-typography-calculated\" style=\"margin:0;--fontSize:28;line-height:1.5;\">Sehr geehrte Studienteilnehmerinnen und Studienteilnehmer!<\/h2><\/div><div class=\"fusion-sep-clear\"><\/div><div class=\"fusion-separator fusion-full-width-sep\" style=\"margin-left: auto;margin-right: auto;margin-top:0px;margin-bottom:30px;width:100%;\"><div class=\"fusion-separator-border sep-single sep-solid\" style=\"--awb-height:20px;--awb-amount:20px;--awb-sep-color:#b3d5f2;border-color:#b3d5f2;border-top-width:5px;\"><\/div><\/div><div class=\"fusion-sep-clear\"><\/div><div class=\"fusion-text fusion-text-1\"><p>Sie wurden per Zufallsverfahren aus dem Einwohnermelderegister ausgew\u00e4hlt und dann von uns kontaktiert. Wir m\u00f6chten Sie nun zu zwei Untersuchungen im Abstand von 1,5-2 Jahren ins Studienzentrum einladen. Bei der Studie &#8220;RESIST \u2013 Forschen f\u00fcr die Schw\u00e4chsten&#8221; handelt es sich um eine Studie mit Schwerpunkt im Bereich der Infektionsforschung.<\/p>\n<\/div><div class=\"fusion-sep-clear\"><\/div><div class=\"fusion-separator fusion-full-width-sep\" style=\"margin-left: auto;margin-right: auto;margin-bottom:20px;width:100%;\"><\/div><div class=\"fusion-sep-clear\"><\/div><div class=\"fusion-sep-clear\"><\/div><div class=\"fusion-separator fusion-full-width-sep\" style=\"margin-left: auto;margin-right: auto;margin-bottom:10px;width:100%;\"><\/div><div class=\"fusion-sep-clear\"><\/div><div class=\"fusion-text fusion-text-2\"><p>Die Untersuchungen finden von Montag bis Donnerstag am Vormittag statt. F\u00fcr Berufst\u00e4tige und Pendler stehen zus\u00e4tzliche Termine am Samstag zur Verf\u00fcgung. Selbstverst\u00e4ndlich k\u00f6nnen Sie auch bei beeintr\u00e4chtigter Seh-, H\u00f6r-, oder Sprachf\u00e4higkeit oder Bewegungsfreiheit teilnehmen. Wenn Sie uns bereits bei der Terminvereinbarung auf Ihr Handicap hinweisen, richtet sich unser Studienpersonal auf Ihre speziellen Anforderungen oder Bed\u00fcrfnisse ein und plant gemeinsam mit Ihnen Ihren Untersuchungstag. Als Eltern k\u00f6nnen Sie gerne Ihre Kinder mitbringen. Es stehen Wickelutensilien, Stillr\u00e4ume und Spielsachen zur Verf\u00fcgung. Eine Betreuung der Kinder durch unser Studienpersonal ist allerdings nicht m\u00f6glich.<\/p>\n<\/div><div class=\"fusion-sep-clear\"><\/div><div class=\"fusion-separator fusion-full-width-sep\" style=\"margin-left: auto;margin-right: auto;margin-bottom:30px;width:100%;\"><\/div><div class=\"fusion-sep-clear\"><\/div><div class=\"fusion-button-wrapper\"><a class=\"fusion-button button-flat fusion-button-default-size button-default fusion-button-default button-1 fusion-button-default-span fusion-button-default-type buttonstapel-mitte\" target=\"_self\" href=\"https:\/\/hannover.nako.de\/\"><span class=\"fusion-button-text\">Erfahren Sie mehr zu unserem Studienzentrum<\/span><\/a><\/div><div class=\"fusion-clearfix\"><\/div><\/div><\/div><div class=\"fusion-layout-column fusion_builder_column fusion-builder-column-1 fusion_builder_column_1_1 1_1 fusion-one-full fusion-column-first fusion-column-last\" style=\"--awb-bg-size:cover;--awb-margin-bottom:75px;\"><div class=\"fusion-column-wrapper fusion-column-has-shadow fusion-flex-column-wrapper-legacy\"><div class=\"fusion-column-content-centered\"><div class=\"fusion-column-content\"><div class=\"fusion-title title fusion-title-2 fusion-sep-none fusion-title-text fusion-title-size-two\" style=\"--awb-margin-top:0px;--awb-margin-bottom:0px;--awb-margin-top-small:0px;--awb-margin-bottom-small:0px;\"><h2 class=\"fusion-title-heading title-heading-left fusion-responsive-typography-calculated\" style=\"margin:0;--fontSize:28;line-height:1.5;\">Das Untersuchungs\u00adprogramm<\/h2><\/div><div class=\"fusion-sep-clear\"><\/div><div class=\"fusion-separator fusion-full-width-sep\" style=\"margin-left: auto;margin-right: auto;margin-top:0px;margin-bottom:30px;width:100%;\"><div class=\"fusion-separator-border sep-single sep-solid\" style=\"--awb-height:20px;--awb-amount:20px;--awb-sep-color:#b3d5f2;border-color:#b3d5f2;border-top-width:5px;\"><\/div><\/div><div class=\"fusion-sep-clear\"><\/div><div class=\"fusion-builder-row fusion-builder-row-inner fusion-row\"><div class=\"fusion-layout-column fusion_builder_column_inner fusion-builder-nested-column-0 fusion_builder_column_inner_1_2 1_2 fusion-one-half fusion-column-first\" style=\"--awb-bg-size:cover;--awb-margin-bottom:30px;width:50%;width:calc(50% - ( ( 4% ) * 0.5 ) );margin-right: 4%;\"><div class=\"fusion-column-wrapper fusion-column-has-shadow fusion-flex-column-wrapper-legacy\"><div class=\"fusion-image-element in-legacy-container\" style=\"--awb-caption-title-font-family:var(--h2_typography-font-family);--awb-caption-title-font-weight:var(--h2_typography-font-weight);--awb-caption-title-font-style:var(--h2_typography-font-style);--awb-caption-title-size:var(--h2_typography-font-size);--awb-caption-title-transform:var(--h2_typography-text-transform);--awb-caption-title-line-height:var(--h2_typography-line-height);--awb-caption-title-letter-spacing:var(--h2_typography-letter-spacing);\"><span class=\" fusion-imageframe imageframe-none imageframe-1 hover-type-none\" style=\"border-radius:10px;\"><a href=\"https:\/\/www.resist-cluster.de\/wp-content\/uploads\/2019\/12\/RES_BILD_Studie.Aufklaerung.jpg\" class=\"fusion-lightbox\" data-rel=\"iLightbox[171670a1858ddcc8d76]\" data-title=\"RES_BILD_Studie.Aufklaerung\" title=\"RES_BILD_Studie.Aufklaerung\"><img decoding=\"async\" width=\"900\" height=\"500\" src=\"https:\/\/www.resist-cluster.de\/wp-content\/uploads\/2019\/12\/RES_BILD_Studie.Aufklaerung.jpg\" alt class=\"img-responsive wp-image-7798\" srcset=\"https:\/\/www.resist-cluster.de\/wp-content\/uploads\/2019\/12\/RES_BILD_Studie.Aufklaerung-200x111.jpg 200w, https:\/\/www.resist-cluster.de\/wp-content\/uploads\/2019\/12\/RES_BILD_Studie.Aufklaerung-400x222.jpg 400w, https:\/\/www.resist-cluster.de\/wp-content\/uploads\/2019\/12\/RES_BILD_Studie.Aufklaerung-600x333.jpg 600w, https:\/\/www.resist-cluster.de\/wp-content\/uploads\/2019\/12\/RES_BILD_Studie.Aufklaerung-800x444.jpg 800w, https:\/\/www.resist-cluster.de\/wp-content\/uploads\/2019\/12\/RES_BILD_Studie.Aufklaerung.jpg 900w\" sizes=\"(max-width: 767px) 100vw, 800px\" \/><\/a><\/span><\/div><div class=\"fusion-clearfix\"><\/div><\/div><\/div><div class=\"fusion-layout-column fusion_builder_column_inner fusion-builder-nested-column-1 fusion_builder_column_inner_1_2 1_2 fusion-one-half fusion-column-last\" style=\"--awb-bg-size:cover;--awb-margin-bottom:30px;width:50%;width:calc(50% - ( ( 4% ) * 0.5 ) );\"><div class=\"fusion-column-wrapper fusion-column-has-shadow fusion-flex-column-wrapper-legacy\"><div class=\"fusion-image-element in-legacy-container\" style=\"--awb-caption-title-font-family:var(--h2_typography-font-family);--awb-caption-title-font-weight:var(--h2_typography-font-weight);--awb-caption-title-font-style:var(--h2_typography-font-style);--awb-caption-title-size:var(--h2_typography-font-size);--awb-caption-title-transform:var(--h2_typography-text-transform);--awb-caption-title-line-height:var(--h2_typography-line-height);--awb-caption-title-letter-spacing:var(--h2_typography-letter-spacing);\"><span class=\" fusion-imageframe imageframe-none imageframe-2 hover-type-none\" style=\"border-radius:10px;\"><a href=\"https:\/\/www.resist-cluster.de\/wp-content\/uploads\/2019\/12\/RES_BILD_Studie-Messen.jpg\" class=\"fusion-lightbox\" data-rel=\"iLightbox[be85e69999f0684f189]\" data-title=\"RES_BILD_Studie-Messen\" title=\"RES_BILD_Studie-Messen\"><img decoding=\"async\" width=\"900\" height=\"500\" src=\"https:\/\/www.resist-cluster.de\/wp-content\/uploads\/2019\/12\/RES_BILD_Studie-Messen.jpg\" alt class=\"img-responsive wp-image-7794\" srcset=\"https:\/\/www.resist-cluster.de\/wp-content\/uploads\/2019\/12\/RES_BILD_Studie-Messen-200x111.jpg 200w, https:\/\/www.resist-cluster.de\/wp-content\/uploads\/2019\/12\/RES_BILD_Studie-Messen-400x222.jpg 400w, https:\/\/www.resist-cluster.de\/wp-content\/uploads\/2019\/12\/RES_BILD_Studie-Messen-600x333.jpg 600w, https:\/\/www.resist-cluster.de\/wp-content\/uploads\/2019\/12\/RES_BILD_Studie-Messen-800x444.jpg 800w, https:\/\/www.resist-cluster.de\/wp-content\/uploads\/2019\/12\/RES_BILD_Studie-Messen.jpg 900w\" sizes=\"(max-width: 767px) 100vw, 800px\" \/><\/a><\/span><\/div><div class=\"fusion-clearfix\"><\/div><\/div><\/div><\/div><div class=\"fusion-text fusion-text-3\"><p>Das Untersuchungsprogramm ist sehr vielseitig. Ihre Teilnahme an der Studie ist freiwillig und kostenlos.<br \/>\nIm Studienzentrum werden Sie zun\u00e4chst ausf\u00fchrlich \u00fcber den Ablauf der Befragung und Untersuchung sowie \u00fcber Fragen zum Datenschutz informiert. Danach werden Sie gebeten, die Einwilligungserkl\u00e4rung zu unterschreiben. Grunds\u00e4tzlich k\u00f6nnen Sie einzelne Untersuchungsteile ablehnen oder Ihre Einwilligung widerrufen.<\/p>\n<p>Das Basisprogramm dauert circa drei Stunden zzgl. etwaiger Pausen. Alle Untersuchungen werden von geschultem und zertifiziertem, in der Regel nicht\u00e4rztlichem Personal durchgef\u00fchrt. Unser Studienpersonal steht Ihnen jederzeit f\u00fcr R\u00fcckfragen zur Verf\u00fcgung. Wir werden Ihnen die Zeit bei uns so angenehm wie m\u00f6glich gestalten, auch f\u00fcr Ihr leibliches Wohl wird gesorgt.<\/p>\n<p>Nach der ersten Untersuchung erfolgt nach 1,5 -2 Jahren eine erneute Untersuchung im Studienzentrum. Was Sie im Einzelnen erwartet k\u00f6nnen Sie der Teilnehmerinformation entnehmen, die Ihnen im Downloadbereich weiter unten auf dieser Seite zur Verf\u00fcgung steht.<\/p>\n<\/div><\/div><\/div><div class=\"fusion-clearfix\"><\/div><\/div><\/div><div class=\"fusion-layout-column fusion_builder_column fusion-builder-column-2 fusion_builder_column_1_1 1_1 fusion-one-full fusion-column-first fusion-column-last\" style=\"--awb-bg-size:cover;--awb-margin-bottom:75px;\"><div class=\"fusion-column-wrapper fusion-column-has-shadow fusion-flex-column-wrapper-legacy\"><div class=\"fusion-column-content-centered\"><div class=\"fusion-column-content\"><div class=\"fusion-title title fusion-title-3 fusion-sep-none fusion-title-text fusion-title-size-two\" style=\"--awb-margin-top:0px;--awb-margin-bottom:0px;--awb-margin-top-small:0px;--awb-margin-bottom-small:0px;\"><h2 class=\"fusion-title-heading title-heading-left fusion-responsive-typography-calculated\" style=\"margin:0;--fontSize:28;line-height:1.5;\">Anfahrt<\/h2><\/div><div class=\"fusion-sep-clear\"><\/div><div class=\"fusion-separator fusion-full-width-sep\" style=\"margin-left: auto;margin-right: auto;margin-top:0px;margin-bottom:30px;width:100%;\"><div class=\"fusion-separator-border sep-single sep-solid\" style=\"--awb-height:20px;--awb-amount:20px;--awb-sep-color:#b3d5f2;border-color:#b3d5f2;border-top-width:5px;\"><\/div><\/div><div class=\"fusion-sep-clear\"><\/div><div class=\"fusion-text fusion-text-4\"><p>Sie erreichen das Studienzentrum mit den \u00f6ffentlichen Verkehrsmitteln und auch mit dem Auto sehr gut. Es stehen Ihnen kostenfreie Parkpl\u00e4tze zur Verf\u00fcgung (Zufahrt rechts neben dem Geb\u00e4ude). Barrierefreies Parken auf gekennzeichneten Fl\u00e4chen ist direkt vor dem Geb\u00e4ude m\u00f6glich. Die Untersuchungsr\u00e4ume befinden sich im Erdgescho\u00df und sind rollstuhlgerecht. Ein behindertengerechtes WC ist vorhanden.<\/p>\n<p>Wenn Sie nicht selbst zum Studienzentrum fahren k\u00f6nnen, z. B. bei eingeschr\u00e4nkter Mobilit\u00e4t oder aufgrund einer Behinderung, \u00fcbernehmen wir die Kosten der Taxifahrt. Gerne k\u00f6nnen Sie auch eine Begleitperson zu Ihrer Untersuchung mitbringen. Sollten Sie ein Taxi ben\u00f6tigen, setzen Sie sich bitte vor Ihrem Termin mit uns in Verbindung. Wir haben eine Kooperation mit ausgew\u00e4hlten Transportunternehmen. Eine Erstattung von Kosten f\u00fcr Taxifahren, die nicht von uns beauftragt wurden, ist leider nicht m\u00f6glich.<\/p>\n<\/div><div class=\"fusion-sep-clear\"><\/div><div class=\"fusion-separator fusion-full-width-sep\" style=\"margin-left: auto;margin-right: auto;margin-bottom:30px;width:100%;\"><\/div><div class=\"fusion-sep-clear\"><\/div><div class=\"accordian fusion-accordian resist-akkordeon\" style=\"--awb-border-size:2px;--awb-icon-size:40px;--awb-content-font-size:16px;--awb-icon-alignment:right;--awb-hover-color:rgba(215,235,251,0.4);--awb-border-color:#efefef;--awb-background-color:#ffffff;--awb-divider-color:#e0dede;--awb-divider-hover-color:#e0dede;--awb-icon-color:#0069b4;--awb-title-color:#0069b4;--awb-content-color:#444444;--awb-icon-box-color:#333333;--awb-toggle-hover-accent-color:#0069b4;--awb-title-font-family:&quot;Roboto&quot;;--awb-title-font-weight:300;--awb-title-font-style:normal;--awb-title-font-size:20px;--awb-content-font-family:&quot;Open Sans&quot;;--awb-content-font-style:normal;--awb-content-font-weight:400;\"><div class=\"panel-group fusion-toggle-icon-right fusion-toggle-icon-unboxed\" id=\"accordion-7637-1\"><div class=\"fusion-panel panel-default panel-37510cd63b0f50329 fusion-toggle-no-divider fusion-toggle-boxed-mode\"><div class=\"panel-heading\"><h4 class=\"panel-title toggle\" id=\"toggle_37510cd63b0f50329\"><a aria-expanded=\"false\" aria-controls=\"37510cd63b0f50329\" role=\"button\" data-toggle=\"collapse\" data-target=\"#37510cd63b0f50329\" href=\"#37510cd63b0f50329\"><span class=\"fusion-toggle-icon-wrapper\" aria-hidden=\"true\"><i class=\"fa-fusion-box active-icon awb-icon-minus\" aria-hidden=\"true\"><\/i><i class=\"fa-fusion-box inactive-icon awb-icon-plus\" aria-hidden=\"true\"><\/i><\/span><span class=\"fusion-toggle-heading\">Anfahrt mit dem Auto<\/span><\/a><\/h4><\/div><div id=\"37510cd63b0f50329\" class=\"panel-collapse collapse \" aria-labelledby=\"toggle_37510cd63b0f50329\"><div class=\"panel-body toggle-content fusion-clearfix\">\n<p>Aus Richtung Norden auf der A7 kommend fahren Sie am Kreuz Hannover &#8211; Kirchhorst (Ausfahrt 56) auf die B3 in Richtung Hannover.<\/p>\n<p>Aus Richtung Westen oder Osten auf der A2 kommend fahren Sie am Kreuz Hannover &#8211; Buchholz (Abfahrt 47) auf die B3 in Richtung Hannover<\/p>\n<p>Aus Richtung S\u00fcden auf der A7 kommend wechseln Sie am Dreieck Hannover \u2013 S\u00fcd (Abfahrt 60) auf die B3 in Richtung Hannover.<\/p>\n<p>Auf der B3 (Messeschnellweg) angekommen, nehmen Sie die Ausfahrt Weidetorkreisel.<\/p>\n<p>Im Kreisel nehmen Sie dann die Ausfahrt in die Karl-Wiechert-Allee.<\/p>\n<p>Nach 300m rechts in die Rudolf-Pichlmayr-Stra\u00dfe und nach 200m links in die Feodor-Lynen-Str. abbiegen.<\/p>\n<p>Das Studienzentrum des Helmholtz-Zentrums f\u00fcr Infektionsforschung befindet sich nach ca. 300m auf der rechten Seite im CRC-Geb\u00e4ude.<\/p>\n<p>Es stehen Ihnen kostenfreie Parkpl\u00e4tze zur Verf\u00fcgung (Zufahrt rechts neben dem Geb\u00e4ude).<\/p>\n<\/div><\/div><\/div><div class=\"fusion-panel panel-default panel-56c19f294bc535291 fusion-toggle-no-divider fusion-toggle-boxed-mode\"><div class=\"panel-heading\"><h4 class=\"panel-title toggle\" id=\"toggle_56c19f294bc535291\"><a aria-expanded=\"false\" aria-controls=\"56c19f294bc535291\" role=\"button\" data-toggle=\"collapse\" data-target=\"#56c19f294bc535291\" href=\"#56c19f294bc535291\"><span class=\"fusion-toggle-icon-wrapper\" aria-hidden=\"true\"><i class=\"fa-fusion-box active-icon awb-icon-minus\" aria-hidden=\"true\"><\/i><i class=\"fa-fusion-box inactive-icon awb-icon-plus\" aria-hidden=\"true\"><\/i><\/span><span class=\"fusion-toggle-heading\">Anreise mit \u00f6ffentlichen Verkehrs\u00admitteln<\/span><\/a><\/h4><\/div><div id=\"56c19f294bc535291\" class=\"panel-collapse collapse \" aria-labelledby=\"toggle_56c19f294bc535291\"><div class=\"panel-body toggle-content fusion-clearfix\">\n<p>Ab Hauptbahnhof nehmen Sie eine U-Bahn der Linie 3 (Altwarmb\u00fcchen), 7 (Misburg) oder 9 (Fasanenkrug) und fahren bis zur Haltestelle Spannhagengarten. \u00dcberqueren Sie an der Haltestelle die Hauptstra\u00dfe und steigen Sie an der dortigen Bushaltestelle in einen Bus der Linie 137 (Am Pferdeturm). Steigen Sie an der Haltestelle \u201eNobelring\u201c aus.<\/p>\n<p>Ab Aegidientorplatz nehmen Sie die U-Bahn der Linie 4 in Richtung Roderbruch bis zur Haltestelle &#8220;Medizinische Hochschule&#8221;. Folgen Sie dann zu Fu\u00df der Karl-Wiechert-Allee Richtung Weidetorkreisel bis zur Einm\u00fcndung der Feodor-Lynen-Stra\u00dfe auf der linken Seite (ca. 12 Minuten Fu\u00dfweg; 1,1 km). Alternativ k\u00f6nnen Sie ab der Haltestelle &#8220;Medizinische Hochschule&#8221; auch mit den Bussen Linie 123 (Noltemeyerbr\u00fccke) und Linie 137 (Spannhagengarten) bis zur Haltestelle \u201eNobelring\u201c weiterfahren.<\/p>\n<p>Der Bahnhof \u201eKarl-Wiechert-Allee\u201c wird von folgenden Z\u00fcgen angefahren: S3, S6 und S7, die Buslinie 123 kann von dort bis Haltestelle \u201eNobelring\u201c genutzt werden.<br \/>\nDas letzte St\u00fcck zu Fu\u00df ab Haltestelle \u201eNobelring\u201c (ca. 500m)<\/p>\n<p>Folgen Sie der Stra\u00dfenbeschilderung \u201eCRC\/Nationale Kohorte\u201c und biegen bitte am TUI-Firmengeb\u00e4ude bzw. Mercure\/Ibis-Hotel (vgl. Skizze) in die Feodor-Lynen-Stra\u00dfe ab und folgen dieser. Nach der Rechtskurve befindet sich auf der linken Seite das Studienzentrum des Helmholtz-Zentrums f\u00fcr Infektionsforschung im Erdgescho\u00df des CRC-Geb\u00e4udes.<\/p>\n<\/div><\/div><\/div><\/div><\/div><\/div><\/div><div class=\"fusion-clearfix\"><\/div><\/div><\/div><div class=\"fusion-layout-column fusion_builder_column fusion-builder-column-3 fusion_builder_column_1_1 1_1 fusion-one-full fusion-column-first fusion-column-last\" style=\"--awb-bg-size:cover;\"><div class=\"fusion-column-wrapper fusion-column-has-shadow fusion-flex-column-wrapper-legacy\"><div class=\"fusion-column-content-centered\"><div class=\"fusion-column-content\"><div class=\"fusion-title title fusion-title-4 fusion-sep-none fusion-title-text fusion-title-size-two\" style=\"--awb-margin-top:0px;--awb-margin-bottom:0px;--awb-margin-top-small:0px;--awb-margin-bottom-small:0px;\"><h2 class=\"fusion-title-heading title-heading-left fusion-responsive-typography-calculated\" style=\"margin:0;--fontSize:28;line-height:1.5;\">Downloads<\/h2><\/div><div class=\"fusion-sep-clear\"><\/div><div class=\"fusion-separator fusion-full-width-sep\" style=\"margin-left: auto;margin-right: auto;margin-top:0px;margin-bottom:30px;width:100%;\"><div class=\"fusion-separator-border sep-single sep-solid\" style=\"--awb-height:20px;--awb-amount:20px;--awb-sep-color:#b3d5f2;border-color:#b3d5f2;border-top-width:5px;\"><\/div><\/div><div class=\"fusion-sep-clear\"><\/div><ul style=\"--awb-size:18px;--awb-iconcolor:#ffffff;--awb-line-height:30.6px;--awb-icon-width:30.6px;--awb-icon-height:30.6px;--awb-icon-margin:12.6px;--awb-content-margin:43.2px;--awb-circlecolor:#0069b4;--awb-circle-yes-font-size:15.84px;\" class=\"fusion-checklist fusion-checklist-1 fusion-checklist-default type-icons\"><li class=\"fusion-li-item\" style=\"\"><span class=\"icon-wrapper circle-yes\"><i class=\"fusion-li-icon fa-download fas\" aria-hidden=\"true\"><\/i><\/span><div class=\"fusion-li-item-content\">\n<p><a href=\"https:\/\/www.resist-cluster.de\/wp-content\/uploads\/2020\/09\/GR-34766_Magazin_DIN_A4_Quer_Ohne_Logo_und_Bild_Druck.pdf\" target=\"_blank\" rel=\"noopener noreferrer\">Teilnehmerinnen- und Teilnehmerinformation<\/a><\/p>\n<\/div><\/li><li class=\"fusion-li-item\" style=\"\"><span class=\"icon-wrapper circle-yes\"><i class=\"fusion-li-icon fa-download fas\" aria-hidden=\"true\"><\/i><\/span><div class=\"fusion-li-item-content\">\n<p><a href=\"https:\/\/www.resist-cluster.de\/wp-content\/uploads\/2020\/09\/Einwilligungserkla\u0308rung_RESIST_V1.4_11052020_-final.pdf\" target=\"_blank\" rel=\"noopener noreferrer\">Einwilligungserkl\u00e4rung f\u00fcr Teilnehmerinnen und Teilnehmer<\/a><\/p>\n<\/div><\/li><li class=\"fusion-li-item\" style=\"\"><span class=\"icon-wrapper circle-yes\"><i class=\"fusion-li-icon fa-download fas\" aria-hidden=\"true\"><\/i><\/span><div class=\"fusion-li-item-content\">\n<p><a href=\"https:\/\/www.resist-cluster.de\/wp-content\/uploads\/2020\/09\/Anfahrtsbeschreibung-Hannover-Neu-Vorlage-RESIST.pdf\" target=\"_blank\" rel=\"noopener noreferrer\">Anfahrtsbeschreibung (PDF)<\/a><\/p>\n<\/div><\/li><li class=\"fusion-li-item\" style=\"\"><span class=\"icon-wrapper circle-yes\"><i class=\"fusion-li-icon fa-download fas\" aria-hidden=\"true\"><\/i><\/span><div class=\"fusion-li-item-content\">\n<p><a href=\"https:\/\/www.resist-cluster.de\/wp-content\/uploads\/2020\/09\/Information-fu\u0308r-Teilnehmende-zu-Massnahmen-zur-Beka\u0308mpfung-des-Coronavirus-im-Studienzent-rum_RESIST_08062020.pdf\" target=\"_blank\" rel=\"noopener noreferrer\">Information f\u00fcr Teilnehmende zu Ma\u00dfnahmen zur Bek\u00e4mpfung des Coronavirus im Studienzentrum<\/a><\/p>\n<\/div><\/li><\/ul><div class=\"fusion-sep-clear\"><\/div><div class=\"fusion-separator fusion-no-small-visibility fusion-no-medium-visibility fusion-full-width-sep\" style=\"margin-left: auto;margin-right: auto;margin-bottom:100px;width:100%;\"><\/div><div class=\"fusion-sep-clear\"><\/div><div class=\"fusion-sep-clear\"><\/div><div class=\"fusion-separator fusion-no-small-visibility fusion-no-large-visibility fusion-full-width-sep\" style=\"margin-left: auto;margin-right: auto;margin-bottom:25px;width:100%;\"><\/div><div class=\"fusion-sep-clear\"><\/div><\/div><\/div><div class=\"fusion-clearfix\"><\/div><\/div><\/div><\/div><\/div>\n","protected":false},"excerpt":{"rendered":"","protected":false},"author":1,"featured_media":0,"parent":12804,"menu_order":120,"comment_status":"closed","ping_status":"closed","template":"","meta":{"footnotes":""},"class_list":["post-7637","page","type-page","status-publish","hentry"],"_links":{"self":[{"href":"https:\/\/www.resist-cluster.de\/en\/wp-json\/wp\/v2\/pages\/7637","targetHints":{"allow":["GET"]}}],"collection":[{"href":"https:\/\/www.resist-cluster.de\/en\/wp-json\/wp\/v2\/pages"}],"about":[{"href":"https:\/\/www.resist-cluster.de\/en\/wp-json\/wp\/v2\/types\/page"}],"author":[{"embeddable":true,"href":"https:\/\/www.resist-cluster.de\/en\/wp-json\/wp\/v2\/users\/1"}],"replies":[{"embeddable":true,"href":"https:\/\/www.resist-cluster.de\/en\/wp-json\/wp\/v2\/comments?post=7637"}],"version-history":[{"count":31,"href":"https:\/\/www.resist-cluster.de\/en\/wp-json\/wp\/v2\/pages\/7637\/revisions"}],"predecessor-version":[{"id":23156,"href":"https:\/\/www.resist-cluster.de\/en\/wp-json\/wp\/v2\/pages\/7637\/revisions\/23156"}],"up":[{"embeddable":true,"href":"https:\/\/www.resist-cluster.de\/en\/wp-json\/wp\/v2\/pages\/12804"}],"wp:attachment":[{"href":"https:\/\/www.resist-cluster.de\/en\/wp-json\/wp\/v2\/media?parent=7637"}],"curies":[{"name":"wp","href":"https:\/\/api.w.org\/{rel}","templated":true}]}}