{"id":6417,"date":"2017-01-20T16:01:16","date_gmt":"2017-01-20T15:01:16","guid":{"rendered":"https:\/\/www.resist-cluster.de\/impressum\/"},"modified":"2025-01-14T12:16:17","modified_gmt":"2025-01-14T11:16:17","slug":"impressum","status":"publish","type":"page","link":"https:\/\/www.resist-cluster.de\/en\/impressum\/","title":{"rendered":"Impressum"},"content":{"rendered":"<p><div class=\"fusion-fullwidth fullwidth-box fusion-builder-row-1 nonhundred-percent-fullwidth non-hundred-percent-height-scrolling\" style=\"--awb-border-radius-top-left:0px;--awb-border-radius-top-right:0px;--awb-border-radius-bottom-right:0px;--awb-border-radius-bottom-left:0px;--awb-padding-top:25px;--awb-padding-bottom:25px;--awb-flex-wrap:wrap;\" ><div class=\"fusion-builder-row fusion-row\"><div class=\"fusion-layout-column fusion_builder_column fusion-builder-column-0 fusion_builder_column_1_1 1_1 fusion-one-full fusion-column-first fusion-column-last\" style=\"--awb-bg-size:cover;\"><div class=\"fusion-column-wrapper fusion-column-has-shadow fusion-flex-column-wrapper-legacy\"><div class=\"fusion-sep-clear\"><\/div><div class=\"fusion-separator fusion-no-small-visibility fusion-no-medium-visibility fusion-full-width-sep\" style=\"margin-left: auto;margin-right: auto;margin-bottom:25px;width:100%;\"><\/div><div class=\"fusion-sep-clear\"><\/div><div class=\"fusion-clearfix\"><\/div><\/div><\/div><div class=\"fusion-layout-column fusion_builder_column fusion-builder-column-1 fusion_builder_column_1_3 1_3 fusion-one-third fusion-column-first\" style=\"--awb-bg-size:cover;width:33.333333333333%;width:calc(33.333333333333% - ( ( 4% ) * 0.33333333333333 ) );margin-right: 4%;\"><div class=\"fusion-column-wrapper fusion-column-has-shadow fusion-flex-column-wrapper-legacy\"><div class=\"fusion-title title fusion-title-1 fusion-sep-none fusion-title-text fusion-title-size-one\" style=\"--awb-margin-top:0px;\"><h1 class=\"fusion-title-heading title-heading-left fusion-responsive-typography-calculated\" style=\"margin:0;--fontSize:36;line-height:1.4;\">Impressum<\/h1><\/div><div class=\"fusion-sep-clear\"><\/div><div class=\"fusion-separator fusion-no-medium-visibility fusion-no-large-visibility\" style=\"margin-left: auto;margin-right: auto;margin-top:-10px;margin-bottom:10px;width:100%;max-width:70%;\"><div class=\"fusion-separator-border sep-single sep-solid\" style=\"--awb-height:20px;--awb-amount:20px;--awb-sep-color:#efefef;border-color:#efefef;border-top-width:5px;\"><\/div><\/div><div class=\"fusion-sep-clear\"><\/div><div class=\"fusion-clearfix\"><\/div><\/div><\/div><div class=\"fusion-layout-column fusion_builder_column fusion-builder-column-2 fusion_builder_column_2_3 2_3 fusion-two-third fusion-column-last\" style=\"--awb-bg-size:cover;width:66.666666666667%;width:calc(66.666666666667% - ( ( 4% ) * 0.66666666666667 ) );\"><div class=\"fusion-column-wrapper fusion-column-has-shadow fusion-flex-column-wrapper-legacy\"><div class=\"fusion-text fusion-text-1\"><h3 style=\"text-align: left;\">Anschrift:<\/h3>\n<p>Exzellenzcluster RESIST<br \/>\nc\/o Medizinische Hochschule Hannover<br \/>\nCarl-Neuberg-Stra\u00dfe 1<br \/>\n30625 Hannover<\/p>\n<h3 style=\"text-align: left;\">Kontakt:<\/h3>\n<table>\n<tbody>\n<tr>\n<td valign=\"top\" width=\"120px\">Telefon:<\/td>\n<td>+49 511 532-4107<\/td>\n<\/tr>\n<tr>\n<td valign=\"top\">E-Mail:<\/td>\n<td><a href=\"&#109;&#x61;&#x69;l&#116;&#x6f;:&#114;&#x65;&#x73;&#105;&#x73;&#x74;&#64;&#109;&#x68;-&#104;&#x61;&#x6e;&#110;&#x6f;&#x76;e&#114;&#x2e;d&#101;\">&#x52;E&#x53;I&#x53;&#84;&#x40;&#109;h&#x2d;h&#x61;&#110;&#x6e;&#111;&#x76;&#101;r&#x2e;d&#x65;<\/a><\/td>\n<\/tr>\n<\/tbody>\n<\/table>\n<h3 style=\"text-align: left;\">Vertretungsberechtigter Vorstand (Pr\u00e4sidium):<\/h3>\n<table>\n<tbody>\n<tr>\n<td style=\"width: 140px;\" valign=\"top\" width=\"150px\">Pr\u00e4sidentin:<\/td>\n<td style=\"width: 350px;\">Prof. Denise Hilfiker-Kleiner, Ph. D.<\/td>\n<\/tr>\n<tr>\n<td style=\"width: 140px;\" valign=\"top\">Vizepr\u00e4sident:<\/td>\n<td style=\"width: 350px;\">Prof. Dr. med. Frank Lammert<\/td>\n<\/tr>\n<tr>\n<td style=\"width: 140px;\" valign=\"top\">Vizepr\u00e4sidentin:<\/td>\n<td style=\"width: 350px;\">Dipl. Kauffrau Martina Saurin<\/td>\n<\/tr>\n<\/tbody>\n<\/table>\n<div class=\"fusion-sep-clear\"><\/div><div class=\"fusion-separator fusion-full-width-sep\" style=\"margin-left: auto;margin-right: auto;margin-bottom:10px;width:100%;\"><\/div><div class=\"fusion-sep-clear\"><\/div>\n<p>Die Medizinische Hochschule Hannover ist eine K\u00f6rperschaft des \u00f6ffentlichen Rechts (Forschung und Lehre) und ein Landesbetrieb f\u00fcr staatliche Angelegenheiten (u.a. Krankenversorgung).<\/p>\n<h3 style=\"text-align: left;\">Zust\u00e4ndige Aufsichtsbeh\u00f6rde:<\/h3>\n<p>Nieders\u00e4chsisches Ministerium f\u00fcr Wissenschaft und Kultur<br \/>\nLeibnizufer 9<br \/>\n30169 Hannover<\/p>\n<h3 style=\"text-align: left;\">Umsatzsteuer-Identifikationsnummer:<\/h3>\n<p>DE 115650503 (gem\u00e4\u00df \u00a7 27a Umsatzsteuergesetz)<\/p>\n<h3 style=\"text-align: left;\">Institutionskennzeichen (IK-Nummer):<\/h3>\n<p>260320597<\/p>\n<h3 style=\"text-align: left;\">Inhaltlich Verantwortlicher:<\/h3>\n<p>Prof. Dr. Reinhold F\u00f6rster (gem\u00e4\u00df \u00a7 5 Abs. 2 TMG)<\/p>\n<h3 style=\"text-align: left;\">Webdesign:<\/h3>\n<p><a href=\"http:\/\/www.multimedia-macher.com\" target=\"_blank\" rel=\"noopener noreferrer\">www.multimedia-macher.com<\/a><\/p>\n<h3 style=\"text-align: left;\">Quellennachweis der verwendeten Bilder:<\/h3>\n<p>\u00a9 saiko3p &#8211; stock.adobe.com<br \/>\n\u00a9 Oakozhan &#8211; stock.adobe.com<br \/>\n\u00a9 alex_aldo &#8211; stock.adobe.com<br \/>\n\u00a9 natali_mis &#8211; stock.adobe.com<br \/>\n\u00a9 BillionPhotos.com &#8211; stock.adobe.com<br \/>\n\u00a9 artegorov3@gmail &#8211; stock.adobe.com<br \/>\n\u00a9 rcfotostock &#8211; stock.adobe.com<br \/>\n\u00a9 tam &#8211; stock.adobe.com<br \/>\n\u00a9 Kadmy &#8211; stock.adobe.com<br \/>\n\u00a9 jolopes &#8211; stock.adobe.com<br \/>\n\u00a9 patcharaporn1984 &#8211; stock.adobe.com<br \/>\n\u00a9 kasto &#8211; stock.adobe.com<br \/>\n\u00a9 sharaku1216 &#8211; stock.adobe.com<br \/>\n\u00a9 Robert Kneschke &#8211; stock.adobe.com<br \/>\n\u00a9 tadamichi &#8211; stock.adobe.com<br \/>\n\u00a9 lightpoet &#8211; Fotolia<br \/>\n\u00a9 sdecoret \u2013 stock.adobe.com<br \/>\n\u00a9 scaliger \u2013 stock.adobe.com<br \/>\n\u00a9 Stockfotos-MG \u2013 stock.adobe.com<br \/>\n\u00a9 Mapics \u2013 stock.adobe.com<br \/>\n\u00a9 insta_photos \u2013 stock.adobe.com<br \/>\n\u00a9 nmann77 \u2013 stock.adobe.com<br \/>\n\u00a9 Friedberg \u2013 stock.adobe.com<br \/>\n\u00a9 robynmac \u2013 stock.adobe.com<br \/>\n\u00a9 Arnell K\/peopleimages.com \u2013 stock.adobe.com<br \/>\n\u00a9 kalafoto \u2013 stock.adobe.com<br \/>\n\u00a9 DatenschutzStockfoto \u2013 stock.adobe.com<br \/>\n\u00a9 top images \u2013 stock.adobe.com<br \/>\n\u00a9 master1305 \u2013 stock.adobe.com<br \/>\n\u00a9 keBu.Medien \u2013 stock.adobe.com<br \/>\n\u00a9 contrastwerkstatt \u2013 stock.adobe.com<br \/>\n\u00a9 nmann77 \u2013 stock.adobe.com<br \/>\n\u00a9 fotomek \u2013 stock.adobe.com<br \/>\n\u00a9 Tatjana Balzer \u2013 stock.adobe.com<br \/>\n\u00a9 Suphakant \u2013 stock.adobe.com<br \/>\n\u00a9 Ana Blazic Pavlovic \u2013 stock.adobe.com<br \/>\n\u00a9 nito \u2013 stock.adobe.com<br \/>\n\u00a9 insta_photos \u2013 stock.adobe.com<br \/>\n\u00a9 Katja \u2013 stock.adobe.com<br \/>\n\u00a9 Composer \u2013 stock.adobe.com<br \/>\n\u00a9 Jacek Chabraszewski \u2013 stock.adobe.com<br \/>\n\u00a9 matho \u2013 stock.adobe.com<br \/>\n\u00a9 HZI<\/p>\n<p>Weitere Bilder stammen aus den Abteilungen, manche Nachweise sind auch direkt am Foto oder in den Bildunterschriften zu finden. Besonderer Erw\u00e4hnung bed\u00fcrfen zus\u00e4tzlich:<\/p>\n<p>\u00a9 <a href=\"http:\/\/nicoherzog.de\/\" target=\"_blank\" rel=\"noopener noreferrer\">Nico Herzog<\/a>, Fotograf aus Hannover<br \/>\n\u00a9 Karin Kaiser, MHH Pressestelle<br \/>\n\u00a9 Eberhard Franke f\u00fcr die <a href=\"https:\/\/www.volkswagenstiftung.de\/\" target=\"_blank\" rel=\"noopener noreferrer\">VolkswagenStiftung<\/a><\/p>\n<\/div><div class=\"fusion-clearfix\"><\/div><\/div><\/div><div class=\"fusion-layout-column fusion_builder_column fusion-builder-column-3 fusion_builder_column_1_1 1_1 fusion-one-full fusion-column-first fusion-column-last\" style=\"--awb-bg-size:cover;\"><div class=\"fusion-column-wrapper fusion-column-has-shadow fusion-flex-column-wrapper-legacy\"><div class=\"fusion-sep-clear\"><\/div><div class=\"fusion-separator fusion-no-small-visibility fusion-no-medium-visibility fusion-full-width-sep\" style=\"margin-left: auto;margin-right: auto;margin-bottom:25px;width:100%;\"><\/div><div class=\"fusion-sep-clear\"><\/div><div class=\"fusion-clearfix\"><\/div><\/div><\/div><\/div><\/div><div class=\"fusion-fullwidth fullwidth-box fusion-builder-row-2 nonhundred-percent-fullwidth non-hundred-percent-height-scrolling\" style=\"--awb-border-radius-top-left:0px;--awb-border-radius-top-right:0px;--awb-border-radius-bottom-right:0px;--awb-border-radius-bottom-left:0px;--awb-flex-wrap:wrap;\" ><div class=\"fusion-builder-row fusion-row\"><div class=\"fusion-layout-column fusion_builder_column fusion-builder-column-4 fusion_builder_column_1_1 1_1 fusion-one-full fusion-column-first fusion-column-last\" style=\"--awb-bg-size:cover;\"><div class=\"fusion-column-wrapper fusion-column-has-shadow fusion-flex-column-wrapper-legacy\"><div class=\"fusion-section-separator section-separator slant fusion-section-separator-1\" style=\"--awb-spacer-height:99px;--awb-svg-margin-left:0;--awb-svg-margin-right:0;--awb-divider-height:99px;--awb-spacer-padding-top:inherit;--awb-sep-padding:0;--awb-svg-padding:0;--awb-svg-tag-margin-bottom:-3px;--awb-sep-svg-display:block;\"><div class=\"fusion-section-separator-svg\"><svg class=\"fusion-slant-candy\" xmlns=\"http:\/\/www.w3.org\/2000\/svg\" version=\"1.1\" width=\"100%\" height=\"100\" viewBox=\"0 0 100 100\" preserveAspectRatio=\"none\" fill=\"rgba(239,239,239,1)\"><path d=\"M0 0 L0 100 L100 100 Z\"><\/path><\/svg><\/div><div class=\"fusion-section-separator-spacer\"><div class=\"fusion-section-separator-spacer-height\"><\/div><\/div><\/div><div class=\"fusion-clearfix\"><\/div><\/div><\/div><\/div><\/div><div class=\"fusion-fullwidth fullwidth-box fusion-builder-row-3 nonhundred-percent-fullwidth non-hundred-percent-height-scrolling\" style=\"--awb-border-radius-top-left:0px;--awb-border-radius-top-right:0px;--awb-border-radius-bottom-right:0px;--awb-border-radius-bottom-left:0px;--awb-padding-top:25px;--awb-padding-bottom:50px;--awb-background-color:#efefef;--awb-flex-wrap:wrap;\" ><div class=\"fusion-builder-row fusion-row\"><div class=\"fusion-layout-column fusion_builder_column fusion-builder-column-5 fusion_builder_column_1_1 1_1 fusion-one-full fusion-column-first fusion-column-last\" style=\"--awb-bg-size:cover;\"><div class=\"fusion-column-wrapper fusion-column-has-shadow fusion-flex-column-wrapper-legacy\"><div class=\"fusion-sep-clear\"><\/div><div class=\"fusion-separator fusion-no-small-visibility fusion-no-medium-visibility fusion-full-width-sep\" style=\"margin-left: auto;margin-right: auto;margin-bottom:25px;width:100%;\"><\/div><div class=\"fusion-sep-clear\"><\/div><div class=\"fusion-clearfix\"><\/div><\/div><\/div><div class=\"fusion-layout-column fusion_builder_column fusion-builder-column-6 fusion_builder_column_1_3 1_3 fusion-one-third fusion-column-first\" style=\"--awb-bg-size:cover;width:33.333333333333%;width:calc(33.333333333333% - ( ( 4% ) * 0.33333333333333 ) );margin-right: 4%;\"><div class=\"fusion-column-wrapper fusion-column-has-shadow fusion-flex-column-wrapper-legacy\"><div class=\"fusion-title title fusion-title-2 fusion-sep-none fusion-title-text fusion-title-size-one\" style=\"--awb-margin-top:0px;\"><h1 class=\"fusion-title-heading title-heading-left fusion-responsive-typography-calculated\" style=\"margin:0;--fontSize:36;line-height:1.4;\">Haftungs\u00adausschluss<\/h1><\/div><div class=\"fusion-sep-clear\"><\/div><div class=\"fusion-separator fusion-no-medium-visibility fusion-no-large-visibility\" style=\"margin-left: auto;margin-right: auto;margin-top:-10px;margin-bottom:10px;width:100%;max-width:80%;\"><div class=\"fusion-separator-border sep-single sep-solid\" style=\"--awb-height:20px;--awb-amount:20px;--awb-sep-color:#ffffff;border-color:#ffffff;border-top-width:5px;\"><\/div><\/div><div class=\"fusion-sep-clear\"><\/div><div class=\"fusion-clearfix\"><\/div><\/div><\/div><div class=\"fusion-layout-column fusion_builder_column fusion-builder-column-7 fusion_builder_column_2_3 2_3 fusion-two-third fusion-column-last\" style=\"--awb-bg-size:cover;width:66.666666666667%;width:calc(66.666666666667% - ( ( 4% ) * 0.66666666666667 ) );\"><div class=\"fusion-column-wrapper fusion-column-has-shadow fusion-flex-column-wrapper-legacy\"><div class=\"fusion-text fusion-text-2\"><h3 style=\"text-align: left;\">Haftung f\u00fcr Inhalte<\/h3>\n<p>Die Autoren \u00fcbernehmen keinerlei Gew\u00e4hr f\u00fcr die Aktualit\u00e4t, Korrektheit, Vollst\u00e4ndigkeit oder Qualit\u00e4t der bereitgestellten Informationen. Haftungsanspr\u00fcche gegen die Autoren, welche sich auf Sch\u00e4den materieller oder ideeller Art beziehen, die durch die Nutzung oder Nichtnutzung der dargebotenen Informationen bzw. durch die Nutzung fehlerhafter und unvollst\u00e4ndiger Informationen verursacht wurden, sind grunds\u00e4tzlich ausgeschlossen, sofern seitens der Autoren kein nachweislich vors\u00e4tzliches oder grob fahrl\u00e4ssiges Verschulden vorliegt. Alle Angebote sind freibleibend und unverbindlich. Die Autoren behalten es sich ausdr\u00fccklich vor, Teile der Seiten oder das gesamte Angebot ohne gesonderte Ank\u00fcndigung zu ver\u00e4ndern, zu erg\u00e4nzen, zu l\u00f6schen.<\/p>\n<p>Als Diensteanbieter sind wir gem\u00e4\u00df \u00a7 7 Abs.1 TMG f\u00fcr eigene Inhalte auf diesen Seiten nach den allgemeinen Gesetzen verantwortlich. Nach \u00a7\u00a7 8 bis 10 TMG sind wir als Diensteanbieter jedoch nicht verpflichtet, \u00fcbermittelte oder gespeicherte fremde Informationen zu \u00fcberwachen oder nach Umst\u00e4nden zu forschen, die auf eine rechtswidrige T\u00e4tigkeit hinweisen. Verpflichtungen zur Entfernung oder Sperrung der Nutzung von Informationen nach den allgemeinen Gesetzen bleiben hiervon unber\u00fchrt. Eine diesbez\u00fcgliche Haftung ist jedoch erst ab dem Zeitpunkt der Kenntnis einer konkreten Rechtsverletzung m\u00f6glich. Bei Bekanntwerden von entsprechenden Rechtsverletzungen werden wir diese Inhalte umgehend entfernen.<\/p>\n<h3 style=\"text-align: left;\">Haftung f\u00fcr Verweise und Links<\/h3>\n<p>Bei direkten oder indirekten Verweisen auf fremde Internetseiten (\u201eLinks\u201c), die au\u00dferhalb des Verantwortungsbereiches der Autoren liegen, w\u00fcrde eine Haftungsverpflichtung ausschlie\u00dflich in dem Fall in Kraft treten, in dem die Autoren von den Inhalten Kenntnis haben und es ihnen technisch m\u00f6glich und zumutbar w\u00e4re, die Nutzung im Falle rechtswidriger Inhalte zu verhindern. Die Autoren erkl\u00e4ren daher ausdr\u00fccklich, dass zum Zeitpunkt der Linksetzung die entsprechenden verlinkten Seiten frei von illegalen Inhalten waren. Die Autoren haben keinerlei Einfluss auf die aktuelle und zuk\u00fcnftige Gestaltung und auf die Inhalte der gelinkten\/verkn\u00fcpften Seiten. Deshalb distanzieren sie sich hiermit ausdr\u00fccklich von allen Inhalten aller gelinkten\/verkn\u00fcpften Seiten, die nach der Linksetzung ver\u00e4ndert wurden. Diese Feststellung gilt f\u00fcr alle innerhalb des eigenen Internetangebotes gesetzten Links und Verweise sowie f\u00fcr Fremdeintr\u00e4ge in von den Autoren eingerichteten G\u00e4steb\u00fcchern, Diskussionsforen und Mailinglisten. F\u00fcr illegale, fehlerhafte oder unvollst\u00e4ndige Inhalte und insbesondere f\u00fcr Sch\u00e4den, die aus der Nutzung oder Nichtnutzung solcherart dargebotener Informationen entstehen, haftet allein der Anbieter der Seite, auf welche verwiesen wurde, nicht derjenige, der \u00fcber Links auf die jeweilige Ver\u00f6ffentlichung lediglich verweist. Bei Bekanntwerden von Rechtsverletzungen werden wir derartige Links umgehend entfernen.<\/p>\n<h3 style=\"text-align: left;\">Urheber- und Kennzeichenrecht<\/h3>\n<p>Die durch die Seitenbetreiber erstellten Inhalte und Werke auf diesen Seiten unterliegen dem deutschen Urheberrecht. Eine Verwendung der Daten f\u00fcr wissenschaftliche Zwecke (z. B. Publikationen, Vortr\u00e4ge) ist mit Zitation der Autoren ausdr\u00fccklich erlaubt.<\/p>\n<p>Soweit die Inhalte auf dieser Seite nicht vom Betreiber erstellt wurden, werden die Urheberrechte Dritter beachtet. Insbesondere werden Inhalte Dritter als solche gekennzeichnet. Sollten Sie trotzdem auf eine Urheberrechtsverletzung aufmerksam werden, bitten wir um einen entsprechenden Hinweis. Bei Bekanntwerden von Rechtsverletzungen werden wir derartige Inhalte umgehend entfernen.<\/p>\n<p>Alle innerhalb des Internetangebotes genannten und ggf. durch Dritte gesch\u00fctzten Marken- und Warenzeichen unterliegen uneingeschr\u00e4nkt den Bestimmungen des jeweils g\u00fcltigen Kennzeichenrechts und den Besitzrechten der jeweiligen eingetragenen Eigent\u00fcmer. Allein aufgrund der blo\u00dfen Nennung ist nicht der Schluss zu ziehen, dass Markenzeichen nicht durch Rechte Dritter gesch\u00fctzt sind. Das Copyright f\u00fcr ver\u00f6ffentlichte, von den Autoren selbst erstellte Objekte bleibt allein bei den Autoren der Seiten.<\/p>\n<h3 style=\"text-align: left;\">Datenschutz<\/h3>\n<p>Alle Informationen zum Datenschutz auf dieser Webseite k\u00f6nnen Sie unserer <a href=\"https:\/\/www.resist-cluster.de\/en\/datenschutzerklaerung\/\">Datenschutzerkl\u00e4rung<\/a> entnehmen.<\/p>\n<h3 style=\"text-align: left;\">Medizinische Inhalte<\/h3>\n<p>Es wird ausdr\u00fccklich darauf hingewiesen, dass der Inhalt der Internetseiten ausschlie\u00dflich zu Informationswecken bestimmt ist. Er darf nicht zur Erstellung eigener Diagnosen oder f\u00fcr die Auswahl bzw. Anwendung eigener Behandlungsmethoden verwendet werden. Die Informationen stellen in keiner Weise einen Ersatz f\u00fcr professionelle Beratungen oder Behandlungen durch ausgebildete und anerkannte \u00c4rzte dar. Wir fordern alle Nutzer mit Gesundheitsproblemen dazu auf, im Bedarfsfall einen Arzt aufzusuchen, und raten bei Fragen hierzu sich an den Arzt des Vertrauens zu wenden, anstatt eine Behandlung eigenst\u00e4ndig vorzunehmen.<\/p>\n<h3 style=\"text-align: left;\">Rechtswirksamkeit dieses Haftungsausschlusses<\/h3>\n<p>Dieser Haftungsausschluss ist als Teil des Internetangebotes zu betrachten, von dem aus auf diese Seite verwiesen wurde. Sofern Teile oder einzelne Formulierungen dieses Textes der geltenden Rechtslage nicht, nicht mehr oder nicht vollst\u00e4ndig entsprechen sollten, bleiben die \u00fcbrigen Teile des Dokumentes in ihrem Inhalt und ihrer G\u00fcltigkeit davon unber\u00fchrt.<\/p>\n<\/div><div class=\"fusion-clearfix\"><\/div><\/div><\/div><div class=\"fusion-layout-column fusion_builder_column fusion-builder-column-8 fusion_builder_column_1_1 1_1 fusion-one-full fusion-column-first fusion-column-last\" style=\"--awb-bg-size:cover;\"><div class=\"fusion-column-wrapper fusion-column-has-shadow fusion-flex-column-wrapper-legacy\"><div class=\"fusion-sep-clear\"><\/div><div class=\"fusion-separator fusion-no-small-visibility fusion-no-medium-visibility fusion-full-width-sep\" style=\"margin-left: auto;margin-right: auto;margin-bottom:25px;width:100%;\"><\/div><div class=\"fusion-sep-clear\"><\/div><div class=\"fusion-clearfix\"><\/div><\/div><\/div><\/div><\/div><\/p>\n","protected":false},"excerpt":{"rendered":"","protected":false},"author":1,"featured_media":0,"parent":0,"menu_order":242,"comment_status":"closed","ping_status":"closed","template":"100-width.php","meta":{"footnotes":""},"class_list":["post-6417","page","type-page","status-publish","hentry"],"_links":{"self":[{"href":"https:\/\/www.resist-cluster.de\/en\/wp-json\/wp\/v2\/pages\/6417","targetHints":{"allow":["GET"]}}],"collection":[{"href":"https:\/\/www.resist-cluster.de\/en\/wp-json\/wp\/v2\/pages"}],"about":[{"href":"https:\/\/www.resist-cluster.de\/en\/wp-json\/wp\/v2\/types\/page"}],"author":[{"embeddable":true,"href":"https:\/\/www.resist-cluster.de\/en\/wp-json\/wp\/v2\/users\/1"}],"replies":[{"embeddable":true,"href":"https:\/\/www.resist-cluster.de\/en\/wp-json\/wp\/v2\/comments?post=6417"}],"version-history":[{"count":35,"href":"https:\/\/www.resist-cluster.de\/en\/wp-json\/wp\/v2\/pages\/6417\/revisions"}],"predecessor-version":[{"id":38128,"href":"https:\/\/www.resist-cluster.de\/en\/wp-json\/wp\/v2\/pages\/6417\/revisions\/38128"}],"wp:attachment":[{"href":"https:\/\/www.resist-cluster.de\/en\/wp-json\/wp\/v2\/media?parent=6417"}],"curies":[{"name":"wp","href":"https:\/\/api.w.org\/{rel}","templated":true}]}}